{"id":2,"date":"2023-10-12T07:19:27","date_gmt":"2023-10-12T07:19:27","guid":{"rendered":"https:\/\/heimatmuseum.net\/?page_id=2"},"modified":"2023-10-13T04:32:38","modified_gmt":"2023-10-13T04:32:38","slug":"sample-page","status":"publish","type":"page","link":"https:\/\/heimatmuseum.net\/index.php\/sample-page\/","title":{"rendered":"\u00dcber mich"},"content":{"rendered":"\n<p>Das Baroni\u00b4s Heimatmuseum in Rafing ist ein kleines Museum im nieder\u00f6sterreichischen Weinviertel. Es befindet sich in einem alten Stadl in Rafing und wurde von Walter Polt gegr\u00fcndet. Das Museum widmet sich der regionalen Geschichte und Tradition.<\/p>\n\n\n\n<p>Das Museum ist in verschiedene Bereiche unterteilt und zeigt Sammlungen von historischen Gegenst\u00e4nden, Dokumenten und Fotografien. Es gibt eine Ausstellung zur Landwirtschaft und zur Handwerkskunst, sowie zur Geschichte der Gemeinde Rafing. Ein besonderes Highlight des Museums ist die umfangreiche Sammlung von Trachten und Trachtenaccessoires.&nbsp;<\/p>\n\n\n\n<p>Walter Polt sammelte \u00fcber viele Jahre hinweg historische Artefakte. Durch seine Leidenschaft f\u00fcr das Sammeln und Bewahren von Kulturgut entstand das Baronis Heimatmuseum.<\/p>\n\n\n\n<p>Das Baroni\u00b4s Heimatmuseum in Rafing ist insbesondere f\u00fcr Personen interessant, die sich f\u00fcr die Geschichte des Weinviertels und der b\u00e4uerlichen Traditionen interessieren. Es bietet einen Einblick in das Leben vergangener Zeiten und erm\u00f6glicht es Besuchern, eine Verbindung zu ihrer eigenen Heimat herzustellen.<\/p>\n\n\n\n<p>Das Museum ist nicht ganzj\u00e4hrig ge\u00f6ffnet, daher empfiehlt es sich, vorab die \u00d6ffnungszeiten zu \u00fcberpr\u00fcfen. Ein Besuch lohnt sich jedoch allemal f\u00fcr alle, die an der Geschichte und Kultur des Weinviertels interessiert sind.<\/p>\n\n\n\n<figure class=\"wp-block-image aligncenter size-large is-resized\"><img loading=\"lazy\" decoding=\"async\" width=\"660\" height=\"1024\" src=\"https:\/\/heimatmuseum.net\/wp-content\/uploads\/2023\/10\/Walter-660x1024.jpg\" alt=\"\" class=\"wp-image-56\" style=\"width:200px;height:undefinedpx\" srcset=\"https:\/\/heimatmuseum.net\/wp-content\/uploads\/2023\/10\/Walter-660x1024.jpg 660w, https:\/\/heimatmuseum.net\/wp-content\/uploads\/2023\/10\/Walter-193x300.jpg 193w, https:\/\/heimatmuseum.net\/wp-content\/uploads\/2023\/10\/Walter-768x1192.jpg 768w, https:\/\/heimatmuseum.net\/wp-content\/uploads\/2023\/10\/Walter-990x1536.jpg 990w, https:\/\/heimatmuseum.net\/wp-content\/uploads\/2023\/10\/Walter-1320x2048.jpg 1320w, https:\/\/heimatmuseum.net\/wp-content\/uploads\/2023\/10\/Walter-scaled.jpg 1650w\" sizes=\"auto, (max-width: 660px) 100vw, 660px\" \/><\/figure>\n","protected":false},"excerpt":{"rendered":"<p>Das Baroni\u00b4s Heimatmuseum in Rafing ist ein kleines Museum im nieder\u00f6sterreichischen Weinviertel. Es befindet sich in einem alten Stadl in Rafing und wurde von Walter Polt gegr\u00fcndet. Das Museum widmet sich der regionalen Geschichte und Tradition. Das Museum ist in verschiedene Bereiche unterteilt und zeigt Sammlungen von historischen Gegenst\u00e4nden, Dokumenten und Fotografien. Es gibt eine [&hellip;]<\/p>\n","protected":false},"author":1,"featured_media":0,"parent":0,"menu_order":0,"comment_status":"closed","ping_status":"closed","template":"","meta":{"footnotes":""},"class_list":["post-2","page","type-page","status-publish","hentry"],"_links":{"self":[{"href":"https:\/\/heimatmuseum.net\/index.php\/wp-json\/wp\/v2\/pages\/2","targetHints":{"allow":["GET"]}}],"collection":[{"href":"https:\/\/heimatmuseum.net\/index.php\/wp-json\/wp\/v2\/pages"}],"about":[{"href":"https:\/\/heimatmuseum.net\/index.php\/wp-json\/wp\/v2\/types\/page"}],"author":[{"embeddable":true,"href":"https:\/\/heimatmuseum.net\/index.php\/wp-json\/wp\/v2\/users\/1"}],"replies":[{"embeddable":true,"href":"https:\/\/heimatmuseum.net\/index.php\/wp-json\/wp\/v2\/comments?post=2"}],"version-history":[{"count":3,"href":"https:\/\/heimatmuseum.net\/index.php\/wp-json\/wp\/v2\/pages\/2\/revisions"}],"predecessor-version":[{"id":64,"href":"https:\/\/heimatmuseum.net\/index.php\/wp-json\/wp\/v2\/pages\/2\/revisions\/64"}],"wp:attachment":[{"href":"https:\/\/heimatmuseum.net\/index.php\/wp-json\/wp\/v2\/media?parent=2"}],"curies":[{"name":"wp","href":"https:\/\/api.w.org\/{rel}","templated":true}]}}